{"id":7,"date":"2013-05-25T14:36:37","date_gmt":"2013-05-25T12:36:37","guid":{"rendered":"http:\/\/aleyo.cz\/?page_id=7"},"modified":"2023-09-06T18:33:46","modified_gmt":"2023-09-06T16:33:46","slug":"klubovny","status":"publish","type":"page","link":"https:\/\/dravci.pionyr.cz\/?page_id=7","title":{"rendered":"Klubovny"},"content":{"rendered":"<article>\n<div>\n<p>Pro na\u0161\u00ed odd\u00edlovou \u010dinnost vyu\u017e\u00edv\u00e1me tyto klubovny:<\/p>\n<h2>\u00dast\u00ed nad Labem:<\/h2>\n<h3><strong>klubovna D\u016flce 74<\/strong><\/h3>\n<p><iframe loading=\"lazy\" src=\"https:\/\/maps.google.cz\/maps?f=q&amp;source=s_q&amp;hl=cs&amp;geocode=&amp;q=D%C5%AFlce+74&amp;aq=&amp;sll=50.664098,14.047394&amp;sspn=0.023095,0.066047&amp;brcurrent=5,0,0&amp;ie=UTF8&amp;hq=&amp;hnear=D%C5%AFlce+3092%2F74,+400+01+%C3%9Ast%C3%AD+nad+Labem&amp;t=m&amp;ll=50.664261,14.046106&amp;spn=0.019042,0.036478&amp;z=14&amp;output=embed\" width=\"425\" height=\"350\" frameborder=\"0\" marginwidth=\"0\" marginheight=\"0\" scrolling=\"no\"><\/iframe><br \/>\n<small><a style=\"color: #0000ff; text-align: left;\" href=\"https:\/\/maps.google.cz\/maps?f=q&amp;source=embed&amp;hl=cs&amp;geocode=&amp;q=D%C5%AFlce+74&amp;aq=&amp;sll=50.664098,14.047394&amp;sspn=0.023095,0.066047&amp;brcurrent=5,0,0&amp;ie=UTF8&amp;hq=&amp;hnear=D%C5%AFlce+3092%2F74,+400+01+%C3%9Ast%C3%AD+nad+Labem&amp;t=m&amp;ll=50.664261,14.046106&amp;spn=0.019042,0.036478&amp;z=14\">Zv\u011bt\u0161it mapu<\/a><\/small><\/p>\n<hr \/>\n<h3><strong>klubovna Dob\u011btick\u00e1 10<\/strong><\/h3>\n<p><iframe loading=\"lazy\" src=\"https:\/\/maps.google.cz\/maps?f=q&amp;source=s_q&amp;hl=cs&amp;geocode=&amp;q=Dob%C4%9Btick%C3%A1+10,+%C3%9Ast%C3%AD+nad+Labem&amp;aq=0&amp;oq=Dob%C4%9Bt%C3%ADck%C3%A1+10&amp;sll=50.663853,14.046621&amp;sspn=0.023095,0.066047&amp;brcurrent=5,0,0&amp;ie=UTF8&amp;hq=&amp;hnear=Dob%C4%9Btick%C3%A1+2333%2F10,+400+01+%C3%9Ast%C3%AD+nad+Labem&amp;t=m&amp;z=14&amp;ll=50.661992,14.045804&amp;output=embed\" width=\"425\" height=\"350\" frameborder=\"0\" marginwidth=\"0\" marginheight=\"0\" scrolling=\"no\"><\/iframe><br \/>\n<small><a style=\"color: #0000ff; text-align: left;\" href=\"https:\/\/maps.google.cz\/maps?f=q&amp;source=embed&amp;hl=cs&amp;geocode=&amp;q=Dob%C4%9Btick%C3%A1+10,+%C3%9Ast%C3%AD+nad+Labem&amp;aq=0&amp;oq=Dob%C4%9Bt%C3%ADck%C3%A1+10&amp;sll=50.663853,14.046621&amp;sspn=0.023095,0.066047&amp;brcurrent=5,0,0&amp;ie=UTF8&amp;hq=&amp;hnear=Dob%C4%9Btick%C3%A1+2333%2F10,+400+01+%C3%9Ast%C3%AD+nad+Labem&amp;t=m&amp;z=14&amp;ll=50.661992,14.045804\">Zv\u011bt\u0161it mapu<\/a><\/small><\/p>\n<h3><\/h3>\n<h2>Litom\u011b\u0159ice:<\/h2>\n<h3><strong>klubovna<br \/>\n<\/strong><\/h3>\n<h2>Most:<\/h2>\n<h3><strong>klubovna<br \/>\n<\/strong><\/h3>\n<\/div>\n<\/article>\n","protected":false},"excerpt":{"rendered":"<p>Pro na\u0161\u00ed odd\u00edlovou \u010dinnost vyu\u017e\u00edv\u00e1me tyto klubovny: \u00dast\u00ed nad Labem: klubovna D\u016flce 74 Zv\u011bt\u0161it mapu klubovna Dob\u011btick\u00e1 10 Zv\u011bt\u0161it mapu Litom\u011b\u0159ice: klubovna Most: klubovna<\/p>\n","protected":false},"author":1,"featured_media":0,"parent":0,"menu_order":4,"comment_status":"closed","ping_status":"closed","template":"","meta":{"footnotes":"","_links_to":"","_links_to_target":""},"class_list":["post-7","page","type-page","status-publish","hentry"],"_links":{"self":[{"href":"https:\/\/dravci.pionyr.cz\/index.php?rest_route=\/wp\/v2\/pages\/7","targetHints":{"allow":["GET"]}}],"collection":[{"href":"https:\/\/dravci.pionyr.cz\/index.php?rest_route=\/wp\/v2\/pages"}],"about":[{"href":"https:\/\/dravci.pionyr.cz\/index.php?rest_route=\/wp\/v2\/types\/page"}],"author":[{"embeddable":true,"href":"https:\/\/dravci.pionyr.cz\/index.php?rest_route=\/wp\/v2\/users\/1"}],"replies":[{"embeddable":true,"href":"https:\/\/dravci.pionyr.cz\/index.php?rest_route=%2Fwp%2Fv2%2Fcomments&post=7"}],"version-history":[{"count":13,"href":"https:\/\/dravci.pionyr.cz\/index.php?rest_route=\/wp\/v2\/pages\/7\/revisions"}],"predecessor-version":[{"id":3316,"href":"https:\/\/dravci.pionyr.cz\/index.php?rest_route=\/wp\/v2\/pages\/7\/revisions\/3316"}],"wp:attachment":[{"href":"https:\/\/dravci.pionyr.cz\/index.php?rest_route=%2Fwp%2Fv2%2Fmedia&parent=7"}],"curies":[{"name":"wp","href":"https:\/\/api.w.org\/{rel}","templated":true}]}}