{"id":182,"date":"2014-03-26T20:28:44","date_gmt":"2014-03-26T19:28:44","guid":{"rendered":"http:\/\/aleyo.cz\/?page_id=182"},"modified":"2024-02-27T13:04:07","modified_gmt":"2024-02-27T12:04:07","slug":"tabory","status":"publish","type":"page","link":"https:\/\/dravci.pionyr.cz\/?page_id=182","title":{"rendered":"T\u00e1bory"},"content":{"rendered":"<h1><\/h1>\n<h2 style=\"text-align: center;\"><b><u>PS DRAVCI &#8211; Pl\u00e1n t\u00e1bor\u016f &#8211; p\u0159ehled budouc\u00edch<br \/>\n<\/u><\/b><b><u>letn\u00edch t\u00e1bor\u016f<\/u><\/b><\/h2>\n<p>&nbsp;<\/p>\n\n<table id=\"tablepress-2\" class=\"tablepress tablepress-id-2\">\n<thead>\n<tr class=\"row-1\">\n\t<th class=\"column-1\"><strong>Datum<\/strong><\/th><th class=\"column-2\"><strong>T\u00e1bor<\/strong><\/th><th class=\"column-3\"><strong>Po\u0159\u00e1d\u00e1 odd\u00edl<\/strong><\/th><th class=\"column-4\"><strong>P\u0159\u00edlohy<\/strong><\/th>\n<\/tr>\n<\/thead>\n<tbody class=\"row-striping row-hover\">\n<tr class=\"row-2\">\n\t<td class=\"column-1\">3. 7. - 12. 7.<\/td><td class=\"column-2\">letn\u00ed t\u00e1bor Sokoli + Jest\u0159\u00e1bi<\/td><td class=\"column-3\">Sokoli, Jest\u0159\u00e1bi<\/td><td class=\"column-4\"><\/td>\n<\/tr>\n<tr class=\"row-3\">\n\t<td class=\"column-1\">4.7. - 18. 7.<\/td><td class=\"column-2\">letn\u00ed t\u00e1bor Z\u00e1sada Souhv\u011bzd\u00ed<\/td><td class=\"column-3\">Souhv\u011bzd\u00ed<\/td><td class=\"column-4\"><\/td>\n<\/tr>\n<tr class=\"row-4\">\n\t<td class=\"column-1\">5.7. \u2013 18.7.<\/td><td class=\"column-2\">letn\u00ed t\u00e1bor Tis\u00e1 Harpyje<\/td><td class=\"column-3\">Harpyje<\/td><td class=\"column-4\"><\/td>\n<\/tr>\n<tr class=\"row-5\">\n\t<td class=\"column-1\">18.7. \u2013 1.8.<\/td><td class=\"column-2\">letn\u00ed t\u00e1bor Z\u00e1sada<\/td><td class=\"column-3\">PS Dravci<\/td><td class=\"column-4\"><a href=\"https:\/\/dravci.pionyr.cz\/wp-content\/uploads\/2026\/03\/LT-Zasada-2026-infolist.pdf\">LT Zasada 2026 infolist<\/a><br \/>\n<a href=\"https:\/\/dravci.pionyr.cz\/wp-content\/uploads\/2026\/03\/LT-Prihlaska-deti-2026.pdf\">LT Prihlaska deti 2026<\/a><br \/>\n<a href=\"https:\/\/dravci.pionyr.cz\/wp-content\/uploads\/2026\/03\/LT_Zasada_plakat.jpg\">LT_Plak\u00e1t<\/a><\/td>\n<\/tr>\n<tr class=\"row-6\">\n\t<td class=\"column-1\">19.7. \u2013 1.8.<\/td><td class=\"column-2\">letn\u00ed t\u00e1bor St\u00e1rkov<\/td><td class=\"column-3\">Rozmar\u00fdn<\/td><td class=\"column-4\"><\/td>\n<\/tr>\n<tr class=\"row-7\">\n\t<td class=\"column-1\">25. 7. \u2013 8. 8.<\/td><td class=\"column-2\">letn\u00ed t\u00e1bor Ma\u0159enice Mlad\u00fd turista<\/td><td class=\"column-3\">Mlad\u00fd turista<\/td><td class=\"column-4\"><\/td>\n<\/tr>\n<\/tbody>\n<\/table>\n<!-- #tablepress-2 from cache -->\n<p>&nbsp;<\/p>\n<h1>ARCHIV LT Z\u00c1SADA:<\/h1>\n<h1>2023:<\/h1>\n<p><a href=\"https:\/\/ltdravci2023.webnode.cz\/\">https:\/\/ltdravci2023.webnode.cz\/<\/a><\/p>\n<h1>2022:<\/h1>\n<p><a href=\"https:\/\/ltdravci2022.webnode.cz\/\">https:\/\/ltdravci2022.webnode.cz\/<\/a><\/p>\n<h1>2021:<\/h1>\n<p><a href=\"https:\/\/ltdravci2021.webnode.cz\/\">https:\/\/ltdravci2021.webnode.cz\/<\/a><\/p>\n<h1>2020:<\/h1>\n<p><a href=\"https:\/\/ltdravci2020.webnode.cz\/\">https:\/\/ltdravci2020.webnode.cz\/<\/a><\/p>\n<h1>2019:<\/h1>\n<p><a href=\"https:\/\/ltdravci2019.webnode.cz\/\">https:\/\/ltdravci2019.webnode.cz\/<\/a><\/p>\n<h1>2018:<\/h1>\n<p><a href=\"https:\/\/ltdravci2018.webnode.cz\/\">https:\/\/ltdravci2018.webnode.cz\/<\/a><\/p>\n<h1>2017:<\/h1>\n<p><a href=\"http:\/\/ltdravci2017.webnode.cz\/\">http:\/\/ltdravci2017.webnode.cz\/<\/a><\/p>\n<h1>2016:<\/h1>\n<article>Kompletn\u00ed fotogalerii z na\u0161eho t\u00e1bora najdete na str\u00e1nce <a href=\"http:\/\/dravci.rajce.idnes.cz\">http:\/\/dravci.rajce.idnes.cz<\/a><\/article>\n<article><\/article>\n<article><a href=\"http:\/\/ltdravci2016.webnode.cz\/kronika\/\">http:\/\/ltdravci2016.webnode.cz\/kronika\/<\/a><\/article>\n<article><span style=\"font-weight: 300;\">Najdete n\u00e1s tak\u00e9 na facebooku PS Dravci <\/span><a style=\"font-weight: 300;\" title=\"https:\/\/www.facebook.com\/psdravci\" href=\"https:\/\/www.facebook.com\/psdravci\">https:\/\/www.facebook.com\/psdravci<\/a><\/article>\n<p>&nbsp;<\/p>\n","protected":false},"excerpt":{"rendered":"<p>PS DRAVCI &#8211; Pl\u00e1n t\u00e1bor\u016f &#8211; p\u0159ehled budouc\u00edch letn\u00edch t\u00e1bor\u016f &nbsp; &nbsp; ARCHIV LT Z\u00c1SADA: 2023: https:\/\/ltdravci2023.webnode.cz\/ 2022: https:\/\/ltdravci2022.webnode.cz\/ 2021: https:\/\/ltdravci2021.webnode.cz\/ 2020: https:\/\/ltdravci2020.webnode.cz\/ 2019: https:\/\/ltdravci2019.webnode.cz\/ 2018: https:\/\/ltdravci2018.webnode.cz\/ 2017: http:\/\/ltdravci2017.webnode.cz\/ 2016: Kompletn\u00ed fotogalerii z na\u0161eho t\u00e1bora najdete na str\u00e1nce http:\/\/dravci.rajce.idnes.cz http:\/\/ltdravci2016.webnode.cz\/kronika\/ &hellip; <a href=\"https:\/\/dravci.pionyr.cz\/?page_id=182\">Cel\u00fd p\u0159\u00edsp\u011bvek <span class=\"meta-nav\">&rarr;<\/span><\/a><\/p>\n","protected":false},"author":1,"featured_media":0,"parent":0,"menu_order":3,"comment_status":"closed","ping_status":"closed","template":"","meta":{"footnotes":"","_links_to":"","_links_to_target":""},"class_list":["post-182","page","type-page","status-publish","hentry"],"_links":{"self":[{"href":"https:\/\/dravci.pionyr.cz\/index.php?rest_route=\/wp\/v2\/pages\/182","targetHints":{"allow":["GET"]}}],"collection":[{"href":"https:\/\/dravci.pionyr.cz\/index.php?rest_route=\/wp\/v2\/pages"}],"about":[{"href":"https:\/\/dravci.pionyr.cz\/index.php?rest_route=\/wp\/v2\/types\/page"}],"author":[{"embeddable":true,"href":"https:\/\/dravci.pionyr.cz\/index.php?rest_route=\/wp\/v2\/users\/1"}],"replies":[{"embeddable":true,"href":"https:\/\/dravci.pionyr.cz\/index.php?rest_route=%2Fwp%2Fv2%2Fcomments&post=182"}],"version-history":[{"count":10,"href":"https:\/\/dravci.pionyr.cz\/index.php?rest_route=\/wp\/v2\/pages\/182\/revisions"}],"predecessor-version":[{"id":3367,"href":"https:\/\/dravci.pionyr.cz\/index.php?rest_route=\/wp\/v2\/pages\/182\/revisions\/3367"}],"wp:attachment":[{"href":"https:\/\/dravci.pionyr.cz\/index.php?rest_route=%2Fwp%2Fv2%2Fmedia&parent=182"}],"curies":[{"name":"wp","href":"https:\/\/api.w.org\/{rel}","templated":true}]}}