{"id":10,"date":"2013-05-25T14:37:18","date_gmt":"2013-05-25T12:37:18","guid":{"rendered":"http:\/\/aleyo.cz\/?page_id=10"},"modified":"2025-04-09T18:37:04","modified_gmt":"2025-04-09T16:37:04","slug":"oddily","status":"publish","type":"page","link":"https:\/\/dravci.pionyr.cz\/?page_id=10","title":{"rendered":"Odd\u00edly"},"content":{"rendered":"<article><strong><span style=\"font-size: 20px;\">Orl\u00edci<\/span><\/strong><br \/>\n(v\u0161eobecn\u00fd odd\u00edl, pro d\u011bti od 5 let)<\/p>\n<div>\n<table>\n<tbody>\n<tr>\n<td>Vedouc\u00ed:<\/td>\n<td>\u0160\u00e1rka Zeusov\u00e1<\/td>\n<\/tr>\n<tr>\n<td>Telefonn\u00ed \u010d\u00edslo:<\/td>\n<td>724 593 320<\/td>\n<\/tr>\n<tr>\n<td>E-mail:<\/td>\n<td>sarka.zeusova@seznam.cz<\/td>\n<\/tr>\n<tr>\n<td>Term\u00edn:<\/td>\n<td>POND\u011aL\u00cd 16:30 &#8211; 18:00<\/td>\n<\/tr>\n<tr>\n<td>Kde:<\/td>\n<td>klubovna v 1. pat\u0159e D\u016flce 74, UL<\/td>\n<\/tr>\n<\/tbody>\n<\/table>\n<\/div>\n<p>\u2013 hrajeme si, pozn\u00e1v\u00e1me p\u0159\u00edrodu, u\u010d\u00edme se uzlovat, sportujeme, lov\u00edme ke\u0161ky<\/p>\n<div><strong><span style=\"font-size: 20px;\">PO\u0160TOLKY<\/span><\/strong><br \/>\n(Turistick\u00fd odd\u00edl, pro d\u011bti od 10 let)<\/p>\n<table>\n<tbody>\n<tr>\n<td>Vedouc\u00ed:<\/td>\n<td>Danu\u0161e Zeusov\u00e1<\/td>\n<\/tr>\n<tr>\n<td>Telefonn\u00ed \u010d\u00edslo:<\/td>\n<td>732 923 328<\/td>\n<\/tr>\n<tr>\n<td>E-mail:<\/td>\n<td>dandy.zeuska@seznam.cz<\/td>\n<\/tr>\n<tr>\n<td>Term\u00edn:<\/td>\n<td>ST\u0158EDA 16:00 \u2013 18:00<\/td>\n<\/tr>\n<tr>\n<td>Kde:<\/td>\n<td>klubovna Dob\u011btick\u00e1, sraz kr\u00e1tce p\u0159ed 16 hodinou u Cukr\u00e1rny Barborka<\/td>\n<\/tr>\n<\/tbody>\n<\/table>\n<p>\u2013 hry, \u0161ifry, uzlov\u00e1n\u00ed, deskovky, zdravov\u011bda<\/p>\n<\/div>\n<div>\n<div><strong><span style=\"font-size: 20px;\">SOKOLI<\/span><\/strong><\/div>\n<div>\n<p>(airsoftov\u00fd odd\u00edl, pro d\u011bti od 12 let)<\/p>\n<table>\n<tbody>\n<tr>\n<td>Vedouc\u00ed:<\/td>\n<td>Ond\u0159ej Jen\u00ed\u010dek<\/td>\n<\/tr>\n<tr>\n<td>Telefonn\u00ed \u010d\u00edslo:<\/td>\n<td><span class=\"x4k7w5x x1h91t0o x1h9r5lt x1jfb8zj xv2umb2 x1beo9mf xaigb6o x12ejxvf x3igimt xarpa2k xedcshv x1lytzrv x1t2pt76 x7ja8zs x1qrby5j\"><span class=\"x193iq5w xeuugli x13faqbe x1vvkbs x1xmvt09 x1lliihq x1s928wv xhkezso x1gmr53x x1cpjm7i x1fgarty x1943h6x xudqn12 x3x7a5m x6prxxf xvq8zen xo1l8bm xzsf02u\" dir=\"auto\">773 077 137<\/span><\/span><\/td>\n<\/tr>\n<tr>\n<td>E-mail:<\/td>\n<td><span class=\"x4k7w5x x1h91t0o x1h9r5lt x1jfb8zj xv2umb2 x1beo9mf xaigb6o x12ejxvf x3igimt xarpa2k xedcshv x1lytzrv x1t2pt76 x7ja8zs x1qrby5j\"><span class=\"x193iq5w xeuugli x13faqbe x1vvkbs x1xmvt09 x1lliihq x1s928wv xhkezso x1gmr53x x1cpjm7i x1fgarty x1943h6x xudqn12 x3x7a5m x6prxxf xvq8zen xo1l8bm xzsf02u\" dir=\"auto\">ondrajenicek1@gmail.com<\/span><\/span><\/td>\n<\/tr>\n<tr>\n<td>Term\u00edn:<\/td>\n<td>\u00daTER\u00dd 16:30-18:30<\/td>\n<\/tr>\n<tr>\n<td>Kde:<\/td>\n<td>klubovna(zaseda\u010dka) v 1. pat\u0159e D\u016flce 74, UL<\/td>\n<\/tr>\n<tr>\n<td>Facebook:<\/td>\n<td><a href=\"https:\/\/www.facebook.com\/Pion%C3%BDrsk%C3%BD-Airsoftov%C3%BD-Odd%C3%ADl-Sokoli-351849498539014\/?fref=ts\">Facebook SOKOLI<\/a><\/td>\n<\/tr>\n<\/tbody>\n<\/table>\n<p>\u2013 hry, \u0161ifry, uzlov\u00e1n\u00ed, deskovky, zdravov\u011bda<\/p>\n<div><strong><span style=\"font-size: 20px;\">SOKOL\u00cdCI<\/span><\/strong><\/div>\n<div>\n<p>(airsoftov\u00fd odd\u00edl, pro d\u011bti do 12 let)<\/p>\n<table>\n<tbody>\n<tr>\n<td>Vedouc\u00ed:<\/td>\n<td>Stanislav Radil<\/td>\n<\/tr>\n<tr>\n<td>Telefonn\u00ed \u010d\u00edslo:<\/td>\n<td>775 490 022<\/td>\n<\/tr>\n<tr>\n<td>E-mail:<\/td>\n<td><\/td>\n<\/tr>\n<tr>\n<td>Term\u00edn:<\/td>\n<td>POND\u011aL\u00cd <span id=\"cch_f350d73f956f9d6\" class=\"_mh6 _wsc\"><span class=\"_3oh- _58nk\">16:30 &#8211; 18:00<\/span><\/span><\/td>\n<\/tr>\n<tr>\n<td>Kde:<\/td>\n<td>s\u00e1l D\u016flce 74, UL<\/td>\n<\/tr>\n<\/tbody>\n<\/table>\n<p>\u2013 hry, \u0161ifry, uzlov\u00e1n\u00ed, deskovky, zdravov\u011bda, p\u0159e\u017e\u00edt v p\u0159\u00edrod\u011b<\/p>\n<div>\n<p><strong><span style=\"font-size: 20px;\">SUP\u00cdCI<\/span><\/strong><br \/>\n(pro d\u011bti ve v\u011bku od 5-7 v p\u0159\u00edpad\u011b z\u00e1jmu po dohod\u011b i star\u0161\u00ed)<\/p>\n<div>\n<table>\n<tbody>\n<tr>\n<td>Vedouc\u00ed:<\/td>\n<td>Lenka Soukupov\u00e1<\/td>\n<\/tr>\n<tr>\n<td>Telefonn\u00ed \u010d\u00edslo:<\/td>\n<td>604 560 442<\/td>\n<\/tr>\n<tr>\n<td>E-mail:<\/td>\n<td>soukupova.lenka75@gmail.com<\/td>\n<\/tr>\n<tr>\n<td>Term\u00edn:<\/td>\n<td>\u00daTER\u00dd <span id=\"cch_f350d73f956f9d6\" class=\"_mh6 _wsc\"><span class=\"_3oh- _58nk\">16:30 &#8211; 18:00<\/span><\/span><\/td>\n<\/tr>\n<tr>\n<td>Kde:<\/td>\n<td>D\u016flce 74, UL<\/td>\n<\/tr>\n<\/tbody>\n<\/table>\n<p>\u2013 \u2060Hrajeme si, pozn\u00e1v\u00e1me se, rozv\u00edj\u00edme kamar\u00e1dstv\u00ed, u\u010d\u00edme se nov\u00e9 v\u011bci, tvo\u0159\u00edme, nav\u0161t\u011bvujeme kr\u00e1sn\u00e1 m\u00edsta<\/p>\n<\/div>\n<\/div>\n<\/div>\n<\/div>\n<p><strong><span style=\"font-size: 20px;\">SOUHV\u011aZD\u00cd<\/span><\/strong><br \/>\n(v\u0161eobecn\u00fd, sportovn\u00ed a rukod\u011bln\u00fd krou\u017eek)<\/p>\n<div>\n<table>\n<tbody>\n<tr>\n<td>Vedouc\u00ed:<\/td>\n<td>Mark\u00e9ta Svobodov\u00e1<\/td>\n<\/tr>\n<tr>\n<td>Telefonn\u00ed \u010d\u00edslo:<\/td>\n<td>606 234 887<\/td>\n<\/tr>\n<tr>\n<td>E-mail:<\/td>\n<td>marketa.ms@seznam.cz<\/td>\n<\/tr>\n<tr>\n<td>Term\u00edn:<\/td>\n<td>POND\u011aL\u00cd, \u00daTER\u00dd, ST\u0158EDA 16:00 &#8211; 18:00<\/td>\n<\/tr>\n<tr>\n<td>Kde:<\/td>\n<td>klubovna v 1. pat\u0159e D\u016flce 74, UL<\/td>\n<\/tr>\n<tr>\n<td>Web:<\/td>\n<td><a title=\"http:\/\/posouhvezdi.xf.cz\" href=\"http:\/\/posouhvezdi.xf.cz\" target=\"_blank\" rel=\"noopener noreferrer\">http:\/\/posouhvezdi.xf.cz<\/a><\/td>\n<\/tr>\n<\/tbody>\n<\/table>\n<p>-hrajeme si, sportujeme a tvo\u0159\u00edme<\/p>\n<p><strong><span style=\"font-size: 20px;\">\u010cIMANGOV\u00c9 <\/span><\/strong><br \/>\n(sportovn\u00ed odd\u00edl, pro d\u011bti od 6 let)<\/p>\n<table>\n<tbody>\n<tr>\n<td>Vedouc\u00ed:<\/td>\n<td>Ji\u0159\u00ed Chocholou\u0161ek<\/td>\n<\/tr>\n<tr>\n<td>Telefonn\u00ed \u010d\u00edslo:<\/td>\n<td>603 527 651<\/td>\n<\/tr>\n<tr>\n<td>Term\u00edn:<\/td>\n<td>ST\u0158EDA 16:00 &#8211; 18:00<\/td>\n<\/tr>\n<tr>\n<td>Kde:<\/td>\n<td>t\u011blocvi\u010dna (gar\u00e1\u017e) D\u016flce 74, UL<\/td>\n<\/tr>\n<\/tbody>\n<\/table>\n<p>-hrajeme stoln\u00ed tenis a vyb\u00edjenou<\/p>\n<p><strong><span style=\"font-size: 20px;\"> ODD\u00cdL DESKOV\u00ddCH HER<\/span><\/strong><br \/>\n(odd\u00edl deskov\u00fdch her, pro d\u011bti od 6 let)<\/p>\n<table>\n<tbody>\n<tr>\n<td>Vedouc\u00ed:<\/td>\n<td>L\u00edda \u0160o\u0161kov\u00e1<\/td>\n<\/tr>\n<tr>\n<td>Telefonn\u00ed \u010d\u00edslo:<\/td>\n<td>777 745 889<\/td>\n<\/tr>\n<tr>\n<td>Term\u00edn:<\/td>\n<td>\u00daTER\u00dd 16:00 &#8211; 17:30<\/td>\n<\/tr>\n<tr>\n<td>Kde:<\/td>\n<td>klubovna v 1. poschod\u00ed D\u016flce 74, UL<\/td>\n<\/tr>\n<\/tbody>\n<\/table>\n<p>-hry a deskovky<\/p>\n<\/div>\n<p><strong><span style=\"font-size: 20px;\">JEST\u0158\u00c1BI<\/span><\/strong><br \/>\n(v\u0161eobecn\u00fd odd\u00edl)<\/p>\n<div>\n<table>\n<tbody>\n<tr>\n<td>Vedouc\u00ed:<\/td>\n<td>V\u00e1clav Pru\u0161\u00e1k<\/td>\n<\/tr>\n<tr>\n<td>Telefonn\u00ed \u010d\u00edslo:<\/td>\n<td>\u00a0773 774 200<\/td>\n<\/tr>\n<tr>\n<td>E-mail:<\/td>\n<td>\u00a0vaclavprusak@seznam.cz<\/td>\n<\/tr>\n<tr>\n<td>Term\u00edn<\/td>\n<td>\u00a0SOBOTA 15:00-17:00<\/td>\n<\/tr>\n<tr>\n<td>Kde:<\/td>\n<td>\u00a0Chude\u0159\u00ednsk\u00e1 141, Litv\u00ednov<\/td>\n<\/tr>\n<\/tbody>\n<\/table>\n<\/div>\n<div><\/div>\n<div><strong><span style=\"font-size: 20px;\">MOT\u00c1\u010cCI<\/span><\/strong><\/div>\n<div>\n<p>(tvo\u0159iv\u00fd odd\u00edl, pro d\u011bti od 8 let)<\/p>\n<table>\n<tbody>\n<tr>\n<td>Vedouc\u00ed:<\/td>\n<td>Kamila Beranov\u00e1<\/td>\n<\/tr>\n<tr>\n<td>Telefonn\u00ed \u010d\u00edslo:<\/td>\n<td>608 892 358<\/td>\n<\/tr>\n<tr>\n<td>E-mail:<\/td>\n<td>svadlenka.kamila@seznam.cz<\/td>\n<\/tr>\n<tr>\n<td>Term\u00edn:<\/td>\n<td>P\u00c1TEK 16:30-18:30<\/td>\n<\/tr>\n<tr>\n<td>Kde:<\/td>\n<td>klubovna v 1. pat\u0159e D\u016flce 74, UL<\/td>\n<\/tr>\n<\/tbody>\n<\/table>\n<\/div>\n<div><\/div>\n<div><strong><span style=\"font-size: 20px;\">Rarozi<\/span><\/strong><\/div>\n<div>\n<p>(v\u0161eobecn\u00fd odd\u00edl)<\/p>\n<table>\n<tbody>\n<tr>\n<td>Vedouc\u00ed:<\/td>\n<td>Luk\u00e1\u0161 Dastl\u00edk<\/td>\n<\/tr>\n<tr>\n<td>Telefonn\u00ed \u010d\u00edslo:<\/td>\n<td>778 768 379<\/td>\n<\/tr>\n<tr>\n<td>E-mail:<\/td>\n<td><\/td>\n<\/tr>\n<tr>\n<td>Term\u00edn:<\/td>\n<td>ST\u0158EDA 16:30 &#8211; 18:00<\/td>\n<\/tr>\n<tr>\n<td>Kde:<\/td>\n<td>klubovna &#8211; Dvo\u0159\u00e1kova 959\/1, Litom\u011b\u0159ice<\/td>\n<\/tr>\n<\/tbody>\n<\/table>\n<\/div>\n<div><strong><span style=\"font-size: 20px;\">K\u00c1\u0147ATA<\/span><\/strong><\/div>\n<div>\n<p>(v\u0161eobecn\u00fd odd\u00edl)<\/p>\n<table>\n<tbody>\n<tr>\n<td>Vedouc\u00ed:<\/td>\n<td>Jakub \u0160krab\u00e1nek<\/td>\n<\/tr>\n<tr>\n<td>Telefonn\u00ed \u010d\u00edslo:<\/td>\n<td>722 720 272<\/td>\n<\/tr>\n<tr>\n<td>E-mail:<\/td>\n<td>KubMakCZ@gmail.com<\/td>\n<\/tr>\n<tr>\n<td>Term\u00edn:<\/td>\n<td>ST\u0158EDA 16:00 &#8211; 17:30<\/td>\n<\/tr>\n<tr>\n<td>Kde:<\/td>\n<td>Dru\u017estevn\u00ed 644, \u0160t\u011bt\u00ed<\/td>\n<\/tr>\n<\/tbody>\n<\/table>\n<\/div>\n<p><strong><span style=\"font-size: 20px;\">FALCO<\/span><\/strong><br \/>\n(sportovn\u011b outdoorov\u00fd odd\u00edl, pro d\u011bti od 8 let)<\/p>\n<div>\n<table>\n<tbody>\n<tr>\n<td>Vedouc\u00ed:<\/td>\n<td>Rudolf Zeus<\/td>\n<\/tr>\n<tr>\n<td>Telefonn\u00ed \u010d\u00edslo:<\/td>\n<td>777 063 604<\/td>\n<\/tr>\n<tr>\n<td>E-mail:<\/td>\n<td><a href=\"mailto:rudolfzeus@seznam.cz\">rudolfzeus@seznam.cz<\/a><\/td>\n<\/tr>\n<tr>\n<td>Term\u00edn:<\/td>\n<td>\u010cTVRTEK 16:00 &#8211; 18:00<\/td>\n<\/tr>\n<tr>\n<td>Kde:<\/td>\n<td>t\u011blocvi\u010dna (gar\u00e1\u017e) D\u016flce 74, UL<\/td>\n<\/tr>\n<\/tbody>\n<\/table>\n<\/div>\n<p>\u2013 hrajeme fotbal, vyb\u00edjenou, floorball, zvy\u0161ujeme fyzickou kondici<\/p>\n<p><strong><span style=\"font-size: 20px;\">SOKOLI Most<\/span><\/strong><br \/>\n(airsoftov\u00fd odd\u00edl, pro d\u011bti od 8 let)<\/p>\n<div>\n<table>\n<tbody>\n<tr>\n<td>Vedouc\u00ed:<\/td>\n<td><span id=\"cch_f352e37ffdfd57e\" class=\"_mh6 _wsc\"><span class=\"_3oh- _58nk\">Martin Brad<\/span><\/span>a<\/td>\n<\/tr>\n<tr>\n<td>Telefonn\u00ed \u010d\u00edslo:<\/td>\n<td><span id=\"cch_f352e37ffdfd57e\" class=\"_mh6 _wsc\"><span class=\"_3oh- _58nk\"> 777 877 512<\/span><\/span><\/td>\n<\/tr>\n<tr>\n<td>E-mail:<\/td>\n<td><span id=\"cch_f352e37ffdfd57e\" class=\"_mh6 _wsc\"><span class=\"_3oh- _58nk\">bradamartin@centrum.cz<\/span><\/span><\/td>\n<\/tr>\n<tr>\n<td>Term\u00edn:<\/td>\n<td>\u00daTER\u00dd 16:00 &#8211; 18:00<\/td>\n<\/tr>\n<tr>\n<td>Kde:<\/td>\n<td><span id=\"cch_f352e37ffdfd57e\" class=\"_mh6 _wsc\"><span class=\"_3oh- _58nk\">E. Basse 1142\/9, Most<\/span><\/span><\/td>\n<\/tr>\n<tr>\n<td>Term\u00edn:<\/td>\n<td>\u00daTER\u00dd 16:00 &#8211; 18:00<\/td>\n<\/tr>\n<tr>\n<td>Facebook<\/td>\n<td><a href=\"https:\/\/www.facebook.com\/airsoftovyoddilmost\/\">Pion\u00fdrsk\u00fd Airsoftov\u00fd odd\u00edl Sokoli Most<\/a><\/td>\n<\/tr>\n<\/tbody>\n<\/table>\n<\/div>\n<p>\u2013 hry, \u0161ifry, uzlov\u00e1n\u00ed, deskovky, zdravov\u011bda<\/p>\n<\/div>\n<\/article>\n","protected":false},"excerpt":{"rendered":"<p>Orl\u00edci (v\u0161eobecn\u00fd odd\u00edl, pro d\u011bti od 5 let) Vedouc\u00ed: \u0160\u00e1rka Zeusov\u00e1 Telefonn\u00ed \u010d\u00edslo: 724 593 320 E-mail: sarka.zeusova@seznam.cz Term\u00edn: POND\u011aL\u00cd 16:30 &#8211; 18:00 Kde: klubovna v 1. pat\u0159e D\u016flce 74, UL \u2013 hrajeme si, pozn\u00e1v\u00e1me p\u0159\u00edrodu, u\u010d\u00edme se uzlovat, sportujeme, &hellip; <a href=\"https:\/\/dravci.pionyr.cz\/?page_id=10\">Cel\u00fd p\u0159\u00edsp\u011bvek <span class=\"meta-nav\">&rarr;<\/span><\/a><\/p>\n","protected":false},"author":1,"featured_media":0,"parent":0,"menu_order":3,"comment_status":"closed","ping_status":"closed","template":"","meta":{"footnotes":"","_links_to":"","_links_to_target":""},"class_list":["post-10","page","type-page","status-publish","hentry"],"_links":{"self":[{"href":"https:\/\/dravci.pionyr.cz\/index.php?rest_route=\/wp\/v2\/pages\/10","targetHints":{"allow":["GET"]}}],"collection":[{"href":"https:\/\/dravci.pionyr.cz\/index.php?rest_route=\/wp\/v2\/pages"}],"about":[{"href":"https:\/\/dravci.pionyr.cz\/index.php?rest_route=\/wp\/v2\/types\/page"}],"author":[{"embeddable":true,"href":"https:\/\/dravci.pionyr.cz\/index.php?rest_route=\/wp\/v2\/users\/1"}],"replies":[{"embeddable":true,"href":"https:\/\/dravci.pionyr.cz\/index.php?rest_route=%2Fwp%2Fv2%2Fcomments&post=10"}],"version-history":[{"count":13,"href":"https:\/\/dravci.pionyr.cz\/index.php?rest_route=\/wp\/v2\/pages\/10\/revisions"}],"predecessor-version":[{"id":3460,"href":"https:\/\/dravci.pionyr.cz\/index.php?rest_route=\/wp\/v2\/pages\/10\/revisions\/3460"}],"wp:attachment":[{"href":"https:\/\/dravci.pionyr.cz\/index.php?rest_route=%2Fwp%2Fv2%2Fmedia&parent=10"}],"curies":[{"name":"wp","href":"https:\/\/api.w.org\/{rel}","templated":true}]}}